{"id":63,"date":"2025-07-31T08:24:30","date_gmt":"2025-07-31T06:24:30","guid":{"rendered":"https:\/\/gray-gnu-241252.hostingersite.com\/?page_id=63"},"modified":"2025-09-11T21:18:51","modified_gmt":"2025-09-11T19:18:51","slug":"notre-vision","status":"publish","type":"page","link":"https:\/\/plafoda.org\/?page_id=63","title":{"rendered":"Contact"},"content":{"rendered":"\n<div class=\"wp-block-group alignfull has-ti-bg-alt-background-color has-background is-layout-constrained wp-container-core-group-is-layout-a1b05be2 wp-block-group-is-layout-constrained\" style=\"margin-top:0;margin-bottom:0;padding-top:var(--wp--preset--spacing--80);padding-right:var(--wp--preset--spacing--30);padding-bottom:var(--wp--preset--spacing--80);padding-left:var(--wp--preset--spacing--30)\">\n<div class=\"wp-block-group is-content-justification-left is-layout-constrained wp-container-core-group-is-layout-4aa91cc0 wp-block-group-is-layout-constrained\">\n<p class=\"has-text-align-center has-ti-accent-color has-text-color has-link-color has-small-font-size wp-elements-54885c5f31f0f72d1e21b718d51a2a33\" style=\"font-style:normal;font-weight:700;text-transform:uppercase\">Contactez nous <\/p>\n\n\n\n<h2 class=\"wp-block-heading has-text-align-center\">PLAFODA , une organisation partisane a but non lucratif<\/h2>\n\n\n\n<hr class=\"wp-block-separator aligncenter has-text-color has-ti-accent-color has-alpha-channel-opacity has-ti-accent-background-color has-background\"\/>\n<\/div>\n\n\n\n<div class=\"wp-block-columns is-layout-flex wp-container-core-columns-is-layout-28f84493 wp-block-columns-is-layout-flex\">\n<div class=\"wp-block-column is-layout-flow wp-block-column-is-layout-flow\" style=\"flex-basis:100%\">\n<div class=\"wp-block-group has-ti-bg-background-color has-background is-layout-constrained wp-container-core-group-is-layout-a47ab161 wp-block-group-is-layout-constrained\" style=\"border-radius:8px;padding-top:var(--wp--preset--spacing--60);padding-right:var(--wp--preset--spacing--50);padding-bottom:var(--wp--preset--spacing--60);padding-left:var(--wp--preset--spacing--50)\">\n<h3 class=\"wp-block-heading has-text-align-center\">Adresse<\/h3>\n\n\n\n<p class=\"has-text-align-center\">34 , route Bassin Gona\u00efves Ha\u00efti .<\/p>\n<\/div>\n<\/div>\n\n\n\n<div class=\"wp-block-column is-layout-flow wp-block-column-is-layout-flow\" style=\"flex-basis:100%\">\n<div class=\"wp-block-group has-ti-bg-background-color has-background is-layout-constrained wp-container-core-group-is-layout-a47ab161 wp-block-group-is-layout-constrained\" style=\"border-radius:8px;padding-top:var(--wp--preset--spacing--60);padding-right:var(--wp--preset--spacing--50);padding-bottom:var(--wp--preset--spacing--60);padding-left:var(--wp--preset--spacing--50)\">\n<h3 class=\"wp-block-heading has-text-align-center\">T\u00e9l\u00e9phones \/ WhatsApp<\/h3>\n\n\n\n<p class=\"has-text-align-center\">+ 509 3287-8514 \/ 3515-7485<br>watsapp + 509 3891-3936<\/p>\n<\/div>\n<\/div>\n\n\n\n<div class=\"wp-block-column is-layout-flow wp-block-column-is-layout-flow\" style=\"flex-basis:100%\">\n<div class=\"wp-block-group has-ti-bg-background-color has-background is-layout-constrained wp-container-core-group-is-layout-020e0ace wp-block-group-is-layout-constrained\" style=\"border-radius:8px;padding-top:var(--wp--preset--spacing--60);padding-right:var(--wp--preset--spacing--40);padding-bottom:var(--wp--preset--spacing--60);padding-left:var(--wp--preset--spacing--40)\">\n<h3 class=\"wp-block-heading has-text-align-center\">Adresse mail<\/h3>\n\n\n\n<p class=\"has-text-align-center\">plateformeplafoda65@gmail.com<\/p>\n<\/div>\n<\/div>\n<\/div>\n<\/div>\n\n\n\n<div class=\"wp-block-group alignfull is-layout-constrained wp-container-core-group-is-layout-e1639f40 wp-block-group-is-layout-constrained\" style=\"margin-top:0;margin-bottom:0;padding-top:var(--wp--preset--spacing--80);padding-right:var(--wp--preset--spacing--50);padding-bottom:var(--wp--preset--spacing--80);padding-left:var(--wp--preset--spacing--50)\">\n<div class=\"wp-block-group is-content-justification-left is-layout-constrained wp-container-core-group-is-layout-4aa91cc0 wp-block-group-is-layout-constrained\">\n<p class=\"has-text-align-center has-ti-accent-color has-text-color has-link-color has-small-font-size wp-elements-b8cc31cfedae4d672d75be1837e39d81\" style=\"font-style:normal;font-weight:700;text-transform:uppercase\">Nos medias sociaux<\/p>\n\n\n\n<h2 class=\"wp-block-heading has-text-align-center\">suivez nous sur les r\u00e9seaux<\/h2>\n\n\n\n<p class=\"has-text-align-center\">Suivez nous via nos r\u00e9seaux sociaux pour \u00eatre informe de toutes nos activit\u00e9s et prises de positions .<\/p>\n\n\n\n<ul class=\"wp-block-social-links aligncenter has-large-icon-size has-icon-color is-style-logos-only is-content-justification-center is-layout-flex wp-container-core-social-links-is-layout-a89b3969 wp-block-social-links-is-layout-flex\"><li style=\"color: var(--nv-text-dark-bg, #FBFBFB); \" class=\"wp-social-link wp-social-link-x has-ti-fg-alt-color wp-block-social-link\"><a href=\"https:\/\/x.com\/plafodap\" class=\"wp-block-social-link-anchor\"><svg width=\"24\" height=\"24\" viewBox=\"0 0 24 24\" version=\"1.1\" xmlns=\"http:\/\/www.w3.org\/2000\/svg\" aria-hidden=\"true\" focusable=\"false\"><path d=\"M13.982 10.622 20.54 3h-1.554l-5.693 6.618L8.745 3H3.5l6.876 10.007L3.5 21h1.554l6.012-6.989L15.868 21h5.245l-7.131-10.378Zm-2.128 2.474-.697-.997-5.543-7.93H8l4.474 6.4.697.996 5.815 8.318h-2.387l-4.745-6.787Z\" \/><\/svg><span class=\"wp-block-social-link-label screen-reader-text\">X<\/span><\/a><\/li>\n\n<li style=\"color: var(--nv-text-dark-bg, #FBFBFB); \" class=\"wp-social-link wp-social-link-mail has-ti-fg-alt-color wp-block-social-link\"><a href=\"https:\/\/plateformeplafoda65@gmail.com\" class=\"wp-block-social-link-anchor\"><svg width=\"24\" height=\"24\" viewBox=\"0 0 24 24\" version=\"1.1\" xmlns=\"http:\/\/www.w3.org\/2000\/svg\" aria-hidden=\"true\" focusable=\"false\"><path d=\"M19,5H5c-1.1,0-2,.9-2,2v10c0,1.1.9,2,2,2h14c1.1,0,2-.9,2-2V7c0-1.1-.9-2-2-2zm.5,12c0,.3-.2.5-.5.5H5c-.3,0-.5-.2-.5-.5V9.8l7.5,5.6,7.5-5.6V17zm0-9.1L12,13.6,4.5,7.9V7c0-.3.2-.5.5-.5h14c.3,0,.5.2.5.5v.9z\"><\/path><\/svg><span class=\"wp-block-social-link-label screen-reader-text\">Mail<\/span><\/a><\/li>\n\n<li style=\"color: var(--nv-text-dark-bg, #FBFBFB); \" class=\"wp-social-link wp-social-link-instagram has-ti-fg-alt-color wp-block-social-link\"><a href=\"#\" class=\"wp-block-social-link-anchor\"><svg width=\"24\" height=\"24\" viewBox=\"0 0 24 24\" version=\"1.1\" xmlns=\"http:\/\/www.w3.org\/2000\/svg\" aria-hidden=\"true\" focusable=\"false\"><path d=\"M12,4.622c2.403,0,2.688,0.009,3.637,0.052c0.877,0.04,1.354,0.187,1.671,0.31c0.42,0.163,0.72,0.358,1.035,0.673 c0.315,0.315,0.51,0.615,0.673,1.035c0.123,0.317,0.27,0.794,0.31,1.671c0.043,0.949,0.052,1.234,0.052,3.637 s-0.009,2.688-0.052,3.637c-0.04,0.877-0.187,1.354-0.31,1.671c-0.163,0.42-0.358,0.72-0.673,1.035 c-0.315,0.315-0.615,0.51-1.035,0.673c-0.317,0.123-0.794,0.27-1.671,0.31c-0.949,0.043-1.233,0.052-3.637,0.052 s-2.688-0.009-3.637-0.052c-0.877-0.04-1.354-0.187-1.671-0.31c-0.42-0.163-0.72-0.358-1.035-0.673 c-0.315-0.315-0.51-0.615-0.673-1.035c-0.123-0.317-0.27-0.794-0.31-1.671C4.631,14.688,4.622,14.403,4.622,12 s0.009-2.688,0.052-3.637c0.04-0.877,0.187-1.354,0.31-1.671c0.163-0.42,0.358-0.72,0.673-1.035 c0.315-0.315,0.615-0.51,1.035-0.673c0.317-0.123,0.794-0.27,1.671-0.31C9.312,4.631,9.597,4.622,12,4.622 M12,3 C9.556,3,9.249,3.01,8.289,3.054C7.331,3.098,6.677,3.25,6.105,3.472C5.513,3.702,5.011,4.01,4.511,4.511 c-0.5,0.5-0.808,1.002-1.038,1.594C3.25,6.677,3.098,7.331,3.054,8.289C3.01,9.249,3,9.556,3,12c0,2.444,0.01,2.751,0.054,3.711 c0.044,0.958,0.196,1.612,0.418,2.185c0.23,0.592,0.538,1.094,1.038,1.594c0.5,0.5,1.002,0.808,1.594,1.038 c0.572,0.222,1.227,0.375,2.185,0.418C9.249,20.99,9.556,21,12,21s2.751-0.01,3.711-0.054c0.958-0.044,1.612-0.196,2.185-0.418 c0.592-0.23,1.094-0.538,1.594-1.038c0.5-0.5,0.808-1.002,1.038-1.594c0.222-0.572,0.375-1.227,0.418-2.185 C20.99,14.751,21,14.444,21,12s-0.01-2.751-0.054-3.711c-0.044-0.958-0.196-1.612-0.418-2.185c-0.23-0.592-0.538-1.094-1.038-1.594 c-0.5-0.5-1.002-0.808-1.594-1.038c-0.572-0.222-1.227-0.375-2.185-0.418C14.751,3.01,14.444,3,12,3L12,3z M12,7.378 c-2.552,0-4.622,2.069-4.622,4.622S9.448,16.622,12,16.622s4.622-2.069,4.622-4.622S14.552,7.378,12,7.378z M12,15 c-1.657,0-3-1.343-3-3s1.343-3,3-3s3,1.343,3,3S13.657,15,12,15z M16.804,6.116c-0.596,0-1.08,0.484-1.08,1.08 s0.484,1.08,1.08,1.08c0.596,0,1.08-0.484,1.08-1.08S17.401,6.116,16.804,6.116z\"><\/path><\/svg><span class=\"wp-block-social-link-label screen-reader-text\">Instagram<\/span><\/a><\/li>\n\n<li style=\"color: var(--nv-text-dark-bg, #FBFBFB); \" class=\"wp-social-link wp-social-link-facebook has-ti-fg-alt-color wp-block-social-link\"><a href=\"https:\/\/facebook.com\/plafoda\" class=\"wp-block-social-link-anchor\"><svg width=\"24\" height=\"24\" viewBox=\"0 0 24 24\" version=\"1.1\" xmlns=\"http:\/\/www.w3.org\/2000\/svg\" aria-hidden=\"true\" focusable=\"false\"><path d=\"M12 2C6.5 2 2 6.5 2 12c0 5 3.7 9.1 8.4 9.9v-7H7.9V12h2.5V9.8c0-2.5 1.5-3.9 3.8-3.9 1.1 0 2.2.2 2.2.2v2.5h-1.3c-1.2 0-1.6.8-1.6 1.6V12h2.8l-.4 2.9h-2.3v7C18.3 21.1 22 17 22 12c0-5.5-4.5-10-10-10z\"><\/path><\/svg><span class=\"wp-block-social-link-label screen-reader-text\">Facebook<\/span><\/a><\/li>\n\n<li style=\"color: var(--nv-text-dark-bg, #FBFBFB); \" class=\"wp-social-link wp-social-link-linkedin has-ti-fg-alt-color wp-block-social-link\"><a href=\"https:\/\/ht.linkedin.com\/in\/plateforme-plafoda\" class=\"wp-block-social-link-anchor\"><svg width=\"24\" height=\"24\" viewBox=\"0 0 24 24\" version=\"1.1\" xmlns=\"http:\/\/www.w3.org\/2000\/svg\" aria-hidden=\"true\" focusable=\"false\"><path d=\"M19.7,3H4.3C3.582,3,3,3.582,3,4.3v15.4C3,20.418,3.582,21,4.3,21h15.4c0.718,0,1.3-0.582,1.3-1.3V4.3 C21,3.582,20.418,3,19.7,3z M8.339,18.338H5.667v-8.59h2.672V18.338z M7.004,8.574c-0.857,0-1.549-0.694-1.549-1.548 c0-0.855,0.691-1.548,1.549-1.548c0.854,0,1.547,0.694,1.547,1.548C8.551,7.881,7.858,8.574,7.004,8.574z M18.339,18.338h-2.669 v-4.177c0-0.996-0.017-2.278-1.387-2.278c-1.389,0-1.601,1.086-1.601,2.206v4.249h-2.667v-8.59h2.559v1.174h0.037 c0.356-0.675,1.227-1.387,2.526-1.387c2.703,0,3.203,1.779,3.203,4.092V18.338z\"><\/path><\/svg><span class=\"wp-block-social-link-label screen-reader-text\">LinkedIn<\/span><\/a><\/li><\/ul>\n<\/div>\n<\/div>\n\n\n\n<div class=\"wp-block-gutena-newsletter gutena-newsletter-block is-layout-flow wp-block-newsletter-is-layout-flow\">\n<div class=\"wp-block-columns has-border-color has-background-background-color has-background is-layout-flex wp-container-core-columns-is-layout-a9c44599 wp-block-columns-is-layout-flex\" style=\"border-color:#0c0c0c;border-style:solid;border-width:1px;border-radius:10px;margin-top:0;margin-right: 0;margin-bottom:0;margin-left:0;padding-top:40px;padding-right: 40px;padding-bottom:40px;padding-left:40px\">\n<div class=\"wp-block-column is-vertically-aligned-center gutena-newsletter-col-first is-layout-flow wp-block-column-is-layout-flow\" style=\"flex-basis:30%\">\n<figure class=\"wp-block-image aligncenter size-full is-resized\"><img decoding=\"async\" src=\"https:\/\/plafoda.org\/wp-content\/plugins\/newsletter-block-by-gutena\/build\/images\/image.c7f425bc.png\" alt=\"Image\" style=\"width:140px;height:115px\"\/><\/figure>\n<\/div>\n\n\n\n<div class=\"wp-block-column gutena-newsletter-col-last is-layout-flow wp-container-core-column-is-layout-3be0b8f9 wp-block-column-is-layout-flow\">\n<h2 class=\"wp-block-heading\" style=\"margin-top:0px;margin-right:0px;margin-bottom:6px;margin-left:0px;font-size:clamp(17.905px, 1.119rem + ((1vw - 3.2px) * 1.231), 28px);\">Subscribe<\/h2>\n\n\n\n<p style=\"margin-top:0px;margin-right:0px;margin-bottom:10px;margin-left:0px;font-size:14px\">Envoyer nous votre newsletter.<\/p>\n\n\n\n<div class=\"wp-block-gutena-newsletter-form gutena-newsletter-form-block message-left\" style=\"--gutena--newsletter-input-button-gap:10px\"><form class=\"gutena-newsletter-form row stacked\">\n<div class=\"wp-block-gutena-newsletter-input-field gutena-newsletter-form-input-block has-text-color has-background\" style=\"border-radius:5px;color:#000000;background-color:#EBEBEB;padding-top:12px;padding-right:20px;padding-bottom:12px;padding-left:20px;font-size:15px\"><input type=\"email\" id=\"gutena-newsletter-field\" class=\"gutena-newsletter-field left\" placeholder=\"name@email.com\" aria-label=\"Input Field\"\/><\/div>\n\n\n\n<div class=\"wp-block-gutena-newsletter-submit-button gutena-newsletter-submit-button-block auto has-text-color has-background\" style=\"border-radius:5px;color:#ffffff;background-color:#3F6DE4;padding-top:12px;padding-right:20px;padding-bottom:12px;padding-left:20px;font-size:14px;--gutena--newsletter-button-icon-spacing:5px;--gutena--newsletter-button-icon-color:#ffffff\"><button type=\"submit\" id=\"gutena-newsletter-action\" class=\"gutena-newsletter-action icon-right with-text\" aria-label=\"Submit Buton\"><span class=\"gutena-newsletter-button-text\"><span>Subscribe<\/span><\/span><\/button><\/div>\n<input type='hidden' id='gutena-newsletter-settings' class='gutena-newsletter-settings' value='{\"stackOnMobile\":true,\"textSuccess\":\"Thank you for subscribing!\",\"textSubscribed\":\"You\\u0027re already subscribed with us!\"}' \/><\/form><\/div>\n\n\n\n<p style=\"font-size:14px\"><\/p>\n<\/div>\n<\/div>\n<\/div>\n","protected":false},"excerpt":{"rendered":"<p>Contactez nous PLAFODA , une organisation partisane a but non lucratif Adresse 34 , route Bassin Gona\u00efves Ha\u00efti . T\u00e9l\u00e9phones \/ WhatsApp + 509 3287-8514 \/ 3515-7485watsapp + 509 3891-3936 Adresse mail plateformeplafoda65@gmail.com Nos medias sociaux suivez nous sur les r\u00e9seaux Suivez nous via nos r\u00e9seaux sociaux pour \u00eatre informe de toutes nos activit\u00e9s et [&hellip;]<\/p>\n","protected":false},"author":1,"featured_media":0,"parent":0,"menu_order":0,"comment_status":"closed","ping_status":"closed","template":"","meta":{"footnotes":""},"class_list":["post-63","page","type-page","status-publish","hentry"],"_links":{"self":[{"href":"https:\/\/plafoda.org\/index.php?rest_route=\/wp\/v2\/pages\/63","targetHints":{"allow":["GET"]}}],"collection":[{"href":"https:\/\/plafoda.org\/index.php?rest_route=\/wp\/v2\/pages"}],"about":[{"href":"https:\/\/plafoda.org\/index.php?rest_route=\/wp\/v2\/types\/page"}],"author":[{"embeddable":true,"href":"https:\/\/plafoda.org\/index.php?rest_route=\/wp\/v2\/users\/1"}],"replies":[{"embeddable":true,"href":"https:\/\/plafoda.org\/index.php?rest_route=%2Fwp%2Fv2%2Fcomments&post=63"}],"version-history":[{"count":8,"href":"https:\/\/plafoda.org\/index.php?rest_route=\/wp\/v2\/pages\/63\/revisions"}],"predecessor-version":[{"id":175,"href":"https:\/\/plafoda.org\/index.php?rest_route=\/wp\/v2\/pages\/63\/revisions\/175"}],"wp:attachment":[{"href":"https:\/\/plafoda.org\/index.php?rest_route=%2Fwp%2Fv2%2Fmedia&parent=63"}],"curies":[{"name":"wp","href":"https:\/\/api.w.org\/{rel}","templated":true}]}}